{"id":575,"date":"2022-02-01T11:19:40","date_gmt":"2022-02-01T19:19:40","guid":{"rendered":"http:\/\/bajafuntravel.com\/home\/?page_id=575"},"modified":"2022-02-01T11:19:41","modified_gmt":"2022-02-01T19:19:41","slug":"politica-de-privacidad","status":"publish","type":"page","link":"https:\/\/bajafuntravel.com\/home\/politica-de-privacidad\/","title":{"rendered":"Pol\u00edtica de privacidad"},"content":{"rendered":"\n<p>Esta pol\u00edtica se basa en nuestro objetivo fundamental de ofrecer a nuestros visitantes informaci\u00f3n y recursos de calidad y al mismo tiempo mantener el anonimato individual y la privacidad personal. La siguiente declaraci\u00f3n describe la pol\u00edtica de privacidad de Baja Fun Travel. Tiene validez para todos los \u201csitios web de Baja Fun Travel\u201d, es decir a todos los sitios que llevan el nombre del dominio \u201cBajaFunTravel.com\u201d.<\/p>\n\n\n\n<h2 class=\"wp-block-heading\">Recopilaci\u00f3n de datos de los visitadores por Baja Fun Travel<\/h2>\n\n\n\n<p>Cuando usted accede a nuestras p\u00e1ginas web, la informaci\u00f3n sobre el usuario y la informaci\u00f3n t\u00e9cnica esencial y accidental es recopilada de manera autom\u00e1tica, nos referimos a esas categor\u00edas recogidas de manera colectiva como\u00a0 informaci\u00f3n de \u201cacceso\u201d. Ninguna otra informaci\u00f3n es recogida a trav\u00e9s del sitio de Baja Fun Travel, excepto cuando usted deliberadamente decide revelarla (por ejemplo, pulsando una tecla para enviarnos un mensaje de correo electr\u00f3nico). La informaci\u00f3n que usted puede decidir enviarnos est\u00e1 enumerada m\u00e1s adelante como \u201cinformaci\u00f3n opcional\u201d.<\/p>\n\n\n\n<p><strong>Informaci\u00f3n recopilada autom\u00e1ticamente<\/strong><br>\u2022&nbsp;Informaci\u00f3n del visitante: el dominio de Internet y la direcci\u00f3n en Internet del computador que usted est\u00e1 utilizando.<\/p>\n\n\n\n<p>\u2022&nbsp;Informaci\u00f3n t\u00e9cnica esencial: identificaci\u00f3n de la p\u00e1gina o servicio que usted est\u00e1 solicitando, tipo de navegador y sistema operativo que utiliza; y la fecha y hora del acceso.<\/p>\n\n\n\n<p>\u2022&nbsp;Informaci\u00f3n t\u00e9cnica no esencial: la direcci\u00f3n Internet del sitio web que le remiti\u00f3 a nosotros, y&nbsp; la \u201cinformaci\u00f3n cookie\u201d descrita m\u00e1s adelante.<\/p>\n\n\n\n<p><strong>Informaci\u00f3n opcional<\/strong><br>\u2022&nbsp;Cuando usted nos env\u00eda un correo electr\u00f3nico: su nombre, direcci\u00f3n de correo electr\u00f3nico y el contenido del mensaje.<\/p>\n\n\n\n<p>\u2022&nbsp;Cuando usted llena formularios electr\u00f3nicos: todos los datos que usted elige dar o confirmar.<\/p>\n\n\n\n<p><strong>Ofrecer informaci\u00f3n es su elecci\u00f3n<br><\/strong>No existe ninguna obligaci\u00f3n legal para que usted suministre informaci\u00f3n a nuestro sitio web. Sin embargo, nuestro sitio web no funcionar\u00e1 sin la informaci\u00f3n de encaminamiento y la informaci\u00f3n t\u00e9cnica esencial. Si su navegador no nos env\u00eda la informaci\u00f3n t\u00e9cnica no esencial esto no le impedir\u00e1 utilizar nuestro sitio web, pero puede impedir el funcionamiento de algunas opciones. En lo que se refiere a cualquier informaci\u00f3n adicional que es solicitada al sitio web, si su b\u00fasqueda no obtiene resultados significa que esa funci\u00f3n particular o servicio asociado con esa parte de la p\u00e1gina web puede no est\u00e1 disponible para usted.<strong>Uso de cookies<\/strong><br>El sitio web de Baja Fun Travel utiliza \u201ccookies\u201d un peque\u00f1o archivo de datos trasferido de un sitio web al disco duro de su computador, para recopilar de manera an\u00f3nima informaci\u00f3n sobre el tr\u00e1fico de datos. Enviamos cookies cuando usted navega en\u00a0<a href=\"https:\/\/www.bajafuntravel.com\">www.bajafuntravel.com<\/a>, responde a encuestas o cuestionarios en l\u00ednea, o solicita informaci\u00f3n. Aceptar cookies utilizados por nuestro sitio no nos permite acceder a su Informaci\u00f3n de Identificaci\u00f3n Personal, pero podemos utilizar cookies para identificar su computador. La informaci\u00f3n colectiva recogida nos permite analizar modelos de tr\u00e1fico en nuestro sitio. Esto nos ayuda a ofrecerle un mejor servicio al mejorar el contenido y hacer m\u00e1s f\u00e1cil el uso de nuestro sitio.<\/p>\n\n\n\n<h2 class=\"wp-block-heading\">C\u00f3mo utilizamos la informaci\u00f3n<\/h2>\n\n\n\n<p>La informaci\u00f3n del visitador es utilizada para enviar la p\u00e1gina web a su computador para su visualizaci\u00f3n. En teor\u00eda la p\u00e1gina web solicitada y la informaci\u00f3n del encaminamiento podr\u00eda ser descifrada por otras entidades involucradas en la transmisi\u00f3n de la p\u00e1gina. No controlamos las pr\u00e1cticas de privacidad de esas entidades. La informaci\u00f3n t\u00e9cnica esencial y no esencial nos ayuda a responder a su solicitud en un formato apropiado (o de manera personalizada) y nos ayuda a planificar mejoras a nuestro sitio web. La informaci\u00f3n adicional nos permite ofrecer servicios o informaci\u00f3n m\u00e1s ajustada a sus necesidades o para responder a su mensaje o consultar a otra organizaci\u00f3n m\u00e1s competente, y tambi\u00e9n para planificar mejoras de nuestro sitio web.<\/p>\n\n\n\n<p>Es posible que conservemos la informaci\u00f3n de acceso en nuestros sistemas por un tiempo indefinido despu\u00e9s que la p\u00e1gina es transmitida, pero no intentaremos obtener ninguna informaci\u00f3n para vincularla a las personas que navegan en nuestro sitio. Sin embargo, en las pocas ocasiones en que un \u201chacker\u201d intenta violar la seguridad, los registros de informaci\u00f3n de acceso se mantienen para permitir una investigaci\u00f3n de seguridad, y en estos casos puede ser enviada junto a cualquier otra informaci\u00f3n pertinente en nuestro poder a las autoridades judiciales.<\/p>\n\n\n\n<p>Utilizamos la informaci\u00f3n que nos suministra s\u00f3lo para satisfacer su espec\u00edfica solicitud. No compartimos esta informaci\u00f3n con terceros, salvo en la medida en que sea necesario para completar tal solicitud. De igual manera, utilizamos la informaci\u00f3n que nos suministra sobre otra persona al hacer una solicitud s\u00f3lo para completar esa solicitud. De nuevo, no compartimos esta informaci\u00f3n con terceros excepto en la medida en que sea necesario para completar tal solicitud.<\/p>\n\n\n\n<p>Por lo general utilizamos las direcciones de correo electr\u00f3nico s\u00f3lo para responder a los mensajes que recibimos. Estas direcciones en general no son utilizadas para ning\u00fan otro prop\u00f3sito.<\/p>\n\n\n\n<p>En fin, no utilizamos o compartimos nunca la informaci\u00f3n de identificaci\u00f3n personal que nos es suministrada en l\u00ednea en otras formas que las descritas antes sin una clara notificaci\u00f3n sobre el sitio en particular y sin ofrecerle la oportunidad de excluir o prohibir este tipo de uso.<\/p>\n\n\n\n<h2 class=\"wp-block-heading\">Nuestro compromiso para la protecci\u00f3n de los datos<\/h2>\n\n\n\n<p><strong>Baja Fun Travel<\/strong> no vende ninguna informaci\u00f3n de identificaci\u00f3n personal ofrecida voluntariamente en el sitio www.bajafuntravel.com a terceras partes. Para prevenir el acceso no autorizado, mantener la exactitud de los datos, y garantizar el uso correcto de a informaci\u00f3n, hemos instaurado procedimientos f\u00edsicos, electr\u00f3nicos y administrativos para salvaguardar y proteger la informaci\u00f3n que recogemos en l\u00ednea, de acuerdo con las pol\u00edticas de Baja Fun Travel.<\/p>\n\n\n\n<p>Todos los empleados de Baja Fun Travel que tienen acceso al tratamiento o intervienen en el procesamiento de datos personales, est\u00e1n obligados a respetar la confidencialidad de los asuntos oficiales, incluyendo los datos personales.<\/p>\n\n\n\n<h2 class=\"wp-block-heading\">C\u00f3mo contactarnos&nbsp;&nbsp;<\/h2>\n\n\n\n<p>Si tiene otras preguntas o preocupaciones sobre nuestras pol\u00edticas y pr\u00e1cticas de privacidad, por favor env\u00ede un correo electr\u00f3nico a\u00a0<a href=\"mailto:info@ilo.org\">info@bajafuntravel.com<\/a><\/p>\n","protected":false},"excerpt":{"rendered":"<p>Esta pol\u00edtica se basa en nuestro objetivo fundamental de ofrecer a nuestros visitantes informaci\u00f3n y recursos de calidad y al mismo tiempo mantener el anonimato individual y la privacidad personal. La siguiente declaraci\u00f3n describe la pol\u00edtica de privacidad de Baja Fun Travel. Tiene validez para todos los \u201csitios web de Baja Fun Travel\u201d, es decir [&hellip;]<\/p>\n","protected":false},"author":1,"featured_media":0,"parent":0,"menu_order":0,"comment_status":"closed","ping_status":"closed","template":"","meta":{"footnotes":""},"_links":{"self":[{"href":"https:\/\/bajafuntravel.com\/home\/wp-json\/wp\/v2\/pages\/575"}],"collection":[{"href":"https:\/\/bajafuntravel.com\/home\/wp-json\/wp\/v2\/pages"}],"about":[{"href":"https:\/\/bajafuntravel.com\/home\/wp-json\/wp\/v2\/types\/page"}],"author":[{"embeddable":true,"href":"https:\/\/bajafuntravel.com\/home\/wp-json\/wp\/v2\/users\/1"}],"replies":[{"embeddable":true,"href":"https:\/\/bajafuntravel.com\/home\/wp-json\/wp\/v2\/comments?post=575"}],"version-history":[{"count":1,"href":"https:\/\/bajafuntravel.com\/home\/wp-json\/wp\/v2\/pages\/575\/revisions"}],"predecessor-version":[{"id":576,"href":"https:\/\/bajafuntravel.com\/home\/wp-json\/wp\/v2\/pages\/575\/revisions\/576"}],"wp:attachment":[{"href":"https:\/\/bajafuntravel.com\/home\/wp-json\/wp\/v2\/media?parent=575"}],"curies":[{"name":"wp","href":"https:\/\/api.w.org\/{rel}","templated":true}]}}